{"id":1395,"date":"2024-05-07T02:37:54","date_gmt":"2024-05-07T02:37:54","guid":{"rendered":"https:\/\/coraldesign.co\/?page_id=1395"},"modified":"2024-11-17T00:53:22","modified_gmt":"2024-11-17T00:53:22","slug":"lean-powering","status":"publish","type":"page","link":"https:\/\/coraldesign.co\/es\/lean-powering\/","title":{"rendered":"Portfolio- Lean Powering"},"content":{"rendered":"<div data-elementor-type=\"wp-page\" data-elementor-id=\"1395\" class=\"elementor elementor-1395\">\n\t\t\t\t<div class=\"elementor-element elementor-element-h0wfttk e-con-full e-flex e-con e-parent\" data-id=\"h0wfttk\" data-element_type=\"container\" data-e-type=\"container\">\n\t\t<div class=\"elementor-element elementor-element-7c0d30e e-con-full e-flex e-con e-child\" data-id=\"7c0d30e\" data-element_type=\"container\" data-e-type=\"container\">\n\t\t\t\t<div class=\"elementor-element elementor-element-aaff18d elementor-widget elementor-widget-heading\" data-id=\"aaff18d\" data-element_type=\"widget\" data-e-type=\"widget\" data-widget_type=\"heading.default\">\n\t\t\t\t<div class=\"elementor-widget-container\">\n\t\t\t\t\t<h1 class=\"elementor-heading-title elementor-size-default\"><a href=\"https:\/\/leanpowering.com\/\">Lean Powering\n<\/a><\/h1>\t\t\t\t<\/div>\n\t\t\t\t<\/div>\n\t\t\t\t<div class=\"elementor-element elementor-element-e43658c elementor-widget elementor-widget-text-editor\" data-id=\"e43658c\" data-element_type=\"widget\" data-e-type=\"widget\" data-widget_type=\"text-editor.default\">\n\t\t\t\t<div class=\"elementor-widget-container\">\n\t\t\t\t\t\t\t\t\t<div style=\"font-family: Urbanist, sans-serif;\">Lean Powering es una empresa de consultor\u00eda que ayuda a otros negocios a optimizar sus procesos utilizando metodolog\u00edas \u00e1giles.<br \/><span style=\"text-align: var(--text-align); background-color: var(--ast-global-color-5); color: var(--ast-global-color-3);\"><br \/><\/span><\/div><div style=\"font-family: Urbanist, sans-serif;\"><span class=\"texteditor-inline-color\">Ubicaci\u00f3n \/ Medell\u00edn, COL<br \/><\/span><\/div><p><span style=\"font-style: inherit; font-family: Urbanist, sans-serif;\">Proyecto \/ Dise\u00f1o Web UX\/UI<\/span><\/p>\t\t\t\t\t\t\t\t<\/div>\n\t\t\t\t<\/div>\n\t\t\t\t<\/div>\n\t\t<div class=\"elementor-element elementor-element-7a37f83 e-con-full e-flex e-con e-child\" data-id=\"7a37f83\" data-element_type=\"container\" data-e-type=\"container\">\n\t\t\t\t<div class=\"elementor-element elementor-element-f283c6a elementor-widget elementor-widget-image\" data-id=\"f283c6a\" data-element_type=\"widget\" data-e-type=\"widget\" data-widget_type=\"image.default\">\n\t\t\t\t<div class=\"elementor-widget-container\">\n\t\t\t\t\t\t\t\t\t\t\t\t\t\t\t<img fetchpriority=\"high\" decoding=\"async\" width=\"768\" height=\"1004\" src=\"https:\/\/coraldesign.co\/wp-content\/uploads\/2024\/05\/yA3ivvYgz8W-1-scaled-e1715050787560-768x1004.jpg\" class=\"attachment-medium_large size-medium_large wp-image-1401\" alt=\"\" srcset=\"https:\/\/coraldesign.co\/wp-content\/uploads\/2024\/05\/yA3ivvYgz8W-1-scaled-e1715050787560-768x1004.jpg 768w, https:\/\/coraldesign.co\/wp-content\/uploads\/2024\/05\/yA3ivvYgz8W-1-scaled-e1715050787560-229x300.jpg 229w, https:\/\/coraldesign.co\/wp-content\/uploads\/2024\/05\/yA3ivvYgz8W-1-scaled-e1715050787560-783x1024.jpg 783w, https:\/\/coraldesign.co\/wp-content\/uploads\/2024\/05\/yA3ivvYgz8W-1-scaled-e1715050787560-1175x1536.jpg 1175w, https:\/\/coraldesign.co\/wp-content\/uploads\/2024\/05\/yA3ivvYgz8W-1-scaled-e1715050787560-1566x2048.jpg 1566w, https:\/\/coraldesign.co\/wp-content\/uploads\/2024\/05\/yA3ivvYgz8W-1-scaled-e1715050787560.jpg 1706w\" sizes=\"(max-width: 768px) 100vw, 768px\" \/>\t\t\t\t\t\t\t\t\t\t\t\t\t\t\t<\/div>\n\t\t\t\t<\/div>\n\t\t\t\t<\/div>\n\t\t\t\t<\/div>\n\t\t<div class=\"elementor-element elementor-element-de0c936 e-con-full e-flex e-con e-parent\" data-id=\"de0c936\" data-element_type=\"container\" data-e-type=\"container\" data-settings=\"{&quot;background_background&quot;:&quot;classic&quot;}\">\n\t\t\t\t<div class=\"elementor-element elementor-element-cbb5f6d elementor-widget elementor-widget-image\" data-id=\"cbb5f6d\" data-element_type=\"widget\" data-e-type=\"widget\" data-widget_type=\"image.default\">\n\t\t\t\t<div class=\"elementor-widget-container\">\n\t\t\t\t\t\t\t\t\t\t\t\t\t\t\t<img decoding=\"async\" width=\"1426\" height=\"168\" src=\"https:\/\/coraldesign.co\/wp-content\/uploads\/2024\/07\/Screen-Shot-2024-07-17-at-3.50.41-PM.png\" class=\"attachment-1536x1536 size-1536x1536 wp-image-2007\" alt=\"\" srcset=\"https:\/\/coraldesign.co\/wp-content\/uploads\/2024\/07\/Screen-Shot-2024-07-17-at-3.50.41-PM.png 1426w, https:\/\/coraldesign.co\/wp-content\/uploads\/2024\/07\/Screen-Shot-2024-07-17-at-3.50.41-PM-300x35.png 300w, https:\/\/coraldesign.co\/wp-content\/uploads\/2024\/07\/Screen-Shot-2024-07-17-at-3.50.41-PM-1024x121.png 1024w, https:\/\/coraldesign.co\/wp-content\/uploads\/2024\/07\/Screen-Shot-2024-07-17-at-3.50.41-PM-768x90.png 768w, https:\/\/coraldesign.co\/wp-content\/uploads\/2024\/07\/Screen-Shot-2024-07-17-at-3.50.41-PM-18x2.png 18w\" sizes=\"(max-width: 1426px) 100vw, 1426px\" \/>\t\t\t\t\t\t\t\t\t\t\t\t\t\t\t<\/div>\n\t\t\t\t<\/div>\n\t\t\t\t<\/div>\n\t\t<div class=\"elementor-element elementor-element-b627942 e-con-full e-flex e-con e-parent\" data-id=\"b627942\" data-element_type=\"container\" data-e-type=\"container\">\n\t\t\t\t<div class=\"elementor-element elementor-element-2fb3214 elementor-widget__width-initial elementor-widget elementor-widget-image\" data-id=\"2fb3214\" data-element_type=\"widget\" data-e-type=\"widget\" data-widget_type=\"image.default\">\n\t\t\t\t<div class=\"elementor-widget-container\">\n\t\t\t\t\t\t\t\t\t\t\t\t\t\t\t<img decoding=\"async\" width=\"1427\" height=\"635\" src=\"https:\/\/coraldesign.co\/wp-content\/uploads\/2024\/07\/Screen-Shot-2024-07-17-at-3.50.49-PM.png\" class=\"attachment-2048x2048 size-2048x2048 wp-image-2008\" alt=\"\" srcset=\"https:\/\/coraldesign.co\/wp-content\/uploads\/2024\/07\/Screen-Shot-2024-07-17-at-3.50.49-PM.png 1427w, https:\/\/coraldesign.co\/wp-content\/uploads\/2024\/07\/Screen-Shot-2024-07-17-at-3.50.49-PM-300x133.png 300w, https:\/\/coraldesign.co\/wp-content\/uploads\/2024\/07\/Screen-Shot-2024-07-17-at-3.50.49-PM-1024x456.png 1024w, https:\/\/coraldesign.co\/wp-content\/uploads\/2024\/07\/Screen-Shot-2024-07-17-at-3.50.49-PM-768x342.png 768w, https:\/\/coraldesign.co\/wp-content\/uploads\/2024\/07\/Screen-Shot-2024-07-17-at-3.50.49-PM-18x8.png 18w\" sizes=\"(max-width: 1427px) 100vw, 1427px\" \/>\t\t\t\t\t\t\t\t\t\t\t\t\t\t\t<\/div>\n\t\t\t\t<\/div>\n\t\t\t\t<\/div>\n\t\t<div class=\"elementor-element elementor-element-5c4137c e-con-full e-flex e-con e-parent\" data-id=\"5c4137c\" data-element_type=\"container\" data-e-type=\"container\">\n\t\t\t\t<div class=\"elementor-element elementor-element-79db9a7 elementor-widget__width-initial elementor-widget elementor-widget-image\" data-id=\"79db9a7\" data-element_type=\"widget\" data-e-type=\"widget\" data-widget_type=\"image.default\">\n\t\t\t\t<div class=\"elementor-widget-container\">\n\t\t\t\t\t\t\t\t\t\t\t\t\t\t\t<img loading=\"lazy\" decoding=\"async\" width=\"1416\" height=\"454\" src=\"https:\/\/coraldesign.co\/wp-content\/uploads\/2024\/05\/Screen-Shot-2024-05-11-at-9.13.47-AM.png\" class=\"attachment-2048x2048 size-2048x2048 wp-image-1412\" alt=\"\" srcset=\"https:\/\/coraldesign.co\/wp-content\/uploads\/2024\/05\/Screen-Shot-2024-05-11-at-9.13.47-AM.png 1416w, https:\/\/coraldesign.co\/wp-content\/uploads\/2024\/05\/Screen-Shot-2024-05-11-at-9.13.47-AM-300x96.png 300w, https:\/\/coraldesign.co\/wp-content\/uploads\/2024\/05\/Screen-Shot-2024-05-11-at-9.13.47-AM-1024x328.png 1024w, https:\/\/coraldesign.co\/wp-content\/uploads\/2024\/05\/Screen-Shot-2024-05-11-at-9.13.47-AM-768x246.png 768w\" sizes=\"(max-width: 1416px) 100vw, 1416px\" \/>\t\t\t\t\t\t\t\t\t\t\t\t\t\t\t<\/div>\n\t\t\t\t<\/div>\n\t\t\t\t<\/div>\n\t\t<div class=\"elementor-element elementor-element-93f008e e-con-full e-flex e-con e-parent\" data-id=\"93f008e\" data-element_type=\"container\" data-e-type=\"container\">\n\t\t\t\t<div class=\"elementor-element elementor-element-d6ca17e elementor-widget elementor-widget-image\" data-id=\"d6ca17e\" data-element_type=\"widget\" data-e-type=\"widget\" data-widget_type=\"image.default\">\n\t\t\t\t<div class=\"elementor-widget-container\">\n\t\t\t\t\t\t\t\t\t\t\t\t\t\t\t<img loading=\"lazy\" decoding=\"async\" width=\"1393\" height=\"455\" src=\"https:\/\/coraldesign.co\/wp-content\/uploads\/2024\/05\/Screen-Shot-2024-05-11-at-9.15.14-AM.png\" class=\"attachment-2048x2048 size-2048x2048 wp-image-1413\" alt=\"\" srcset=\"https:\/\/coraldesign.co\/wp-content\/uploads\/2024\/05\/Screen-Shot-2024-05-11-at-9.15.14-AM.png 1393w, https:\/\/coraldesign.co\/wp-content\/uploads\/2024\/05\/Screen-Shot-2024-05-11-at-9.15.14-AM-300x98.png 300w, https:\/\/coraldesign.co\/wp-content\/uploads\/2024\/05\/Screen-Shot-2024-05-11-at-9.15.14-AM-1024x334.png 1024w, https:\/\/coraldesign.co\/wp-content\/uploads\/2024\/05\/Screen-Shot-2024-05-11-at-9.15.14-AM-768x251.png 768w\" sizes=\"(max-width: 1393px) 100vw, 1393px\" \/>\t\t\t\t\t\t\t\t\t\t\t\t\t\t\t<\/div>\n\t\t\t\t<\/div>\n\t\t\t\t<\/div>\n\t\t<div class=\"elementor-element elementor-element-608c14a e-con-full e-flex e-con e-parent\" data-id=\"608c14a\" data-element_type=\"container\" data-e-type=\"container\">\n\t\t\t\t<div class=\"elementor-element elementor-element-fdab2b7 elementor-widget elementor-widget-image\" data-id=\"fdab2b7\" data-element_type=\"widget\" data-e-type=\"widget\" data-widget_type=\"image.default\">\n\t\t\t\t<div class=\"elementor-widget-container\">\n\t\t\t\t\t\t\t\t\t\t\t\t\t\t\t<img loading=\"lazy\" decoding=\"async\" width=\"1416\" height=\"430\" src=\"https:\/\/coraldesign.co\/wp-content\/uploads\/2024\/05\/Screen-Shot-2024-05-11-at-9.15.53-AM.png\" class=\"attachment-1536x1536 size-1536x1536 wp-image-1414\" alt=\"\" srcset=\"https:\/\/coraldesign.co\/wp-content\/uploads\/2024\/05\/Screen-Shot-2024-05-11-at-9.15.53-AM.png 1416w, https:\/\/coraldesign.co\/wp-content\/uploads\/2024\/05\/Screen-Shot-2024-05-11-at-9.15.53-AM-300x91.png 300w, https:\/\/coraldesign.co\/wp-content\/uploads\/2024\/05\/Screen-Shot-2024-05-11-at-9.15.53-AM-1024x311.png 1024w, https:\/\/coraldesign.co\/wp-content\/uploads\/2024\/05\/Screen-Shot-2024-05-11-at-9.15.53-AM-768x233.png 768w\" sizes=\"(max-width: 1416px) 100vw, 1416px\" \/>\t\t\t\t\t\t\t\t\t\t\t\t\t\t\t<\/div>\n\t\t\t\t<\/div>\n\t\t\t\t<\/div>\n\t\t<div class=\"elementor-element elementor-element-9f5455e e-con-full e-flex e-con e-parent\" data-id=\"9f5455e\" data-element_type=\"container\" data-e-type=\"container\">\n\t\t\t\t<div class=\"elementor-element elementor-element-ed97774 elementor-widget__width-initial elementor-widget elementor-widget-image\" data-id=\"ed97774\" data-element_type=\"widget\" data-e-type=\"widget\" data-widget_type=\"image.default\">\n\t\t\t\t<div class=\"elementor-widget-container\">\n\t\t\t\t\t\t\t\t\t\t\t\t\t\t\t<img loading=\"lazy\" decoding=\"async\" width=\"1421\" height=\"467\" src=\"https:\/\/coraldesign.co\/wp-content\/uploads\/2024\/05\/Screen-Shot-2024-05-11-at-9.19.10-AM.png\" class=\"attachment-1536x1536 size-1536x1536 wp-image-1416\" alt=\"\" srcset=\"https:\/\/coraldesign.co\/wp-content\/uploads\/2024\/05\/Screen-Shot-2024-05-11-at-9.19.10-AM.png 1421w, https:\/\/coraldesign.co\/wp-content\/uploads\/2024\/05\/Screen-Shot-2024-05-11-at-9.19.10-AM-300x99.png 300w, https:\/\/coraldesign.co\/wp-content\/uploads\/2024\/05\/Screen-Shot-2024-05-11-at-9.19.10-AM-1024x337.png 1024w, https:\/\/coraldesign.co\/wp-content\/uploads\/2024\/05\/Screen-Shot-2024-05-11-at-9.19.10-AM-768x252.png 768w\" sizes=\"(max-width: 1421px) 100vw, 1421px\" \/>\t\t\t\t\t\t\t\t\t\t\t\t\t\t\t<\/div>\n\t\t\t\t<\/div>\n\t\t\t\t<\/div>\n\t\t<div class=\"elementor-element elementor-element-51caf0c e-con-full e-flex e-con e-parent\" data-id=\"51caf0c\" data-element_type=\"container\" data-e-type=\"container\">\n\t\t\t\t<div class=\"elementor-element elementor-element-99933a2 elementor-widget__width-initial elementor-widget elementor-widget-image\" data-id=\"99933a2\" data-element_type=\"widget\" data-e-type=\"widget\" data-widget_type=\"image.default\">\n\t\t\t\t<div class=\"elementor-widget-container\">\n\t\t\t\t\t\t\t\t\t\t\t\t\t\t\t<img loading=\"lazy\" decoding=\"async\" width=\"1421\" height=\"402\" src=\"https:\/\/coraldesign.co\/wp-content\/uploads\/2024\/05\/Screen-Shot-2024-05-11-at-9.19.49-AM.png\" class=\"attachment-1536x1536 size-1536x1536 wp-image-1417\" alt=\"\" srcset=\"https:\/\/coraldesign.co\/wp-content\/uploads\/2024\/05\/Screen-Shot-2024-05-11-at-9.19.49-AM.png 1421w, https:\/\/coraldesign.co\/wp-content\/uploads\/2024\/05\/Screen-Shot-2024-05-11-at-9.19.49-AM-300x85.png 300w, https:\/\/coraldesign.co\/wp-content\/uploads\/2024\/05\/Screen-Shot-2024-05-11-at-9.19.49-AM-1024x290.png 1024w, https:\/\/coraldesign.co\/wp-content\/uploads\/2024\/05\/Screen-Shot-2024-05-11-at-9.19.49-AM-768x217.png 768w\" sizes=\"(max-width: 1421px) 100vw, 1421px\" \/>\t\t\t\t\t\t\t\t\t\t\t\t\t\t\t<\/div>\n\t\t\t\t<\/div>\n\t\t\t\t<\/div>\n\t\t\t\t<\/div>","protected":false},"excerpt":{"rendered":"<p>Lean Powering Lean Powering is a consulting firm helping businesses optimize their processes using agile methodologies. Location \/ Medell\u00edn, COL Project \/ Web Design UX\/UI<\/p>","protected":false},"author":1,"featured_media":0,"parent":0,"menu_order":0,"comment_status":"closed","ping_status":"closed","template":"elementor_header_footer","meta":{"content-type":"","_uag_custom_page_level_css":"","footnotes":""},"class_list":["post-1395","page","type-page","status-publish","hentry"],"yoast_head":"<!-- This site is optimized with the Yoast SEO plugin v27.4 - https:\/\/yoast.com\/product\/yoast-seo-wordpress\/ -->\n<title>Portfolio- Lean Powering - Coral Design<\/title>\n<meta name=\"robots\" content=\"index, follow, max-snippet:-1, max-image-preview:large, max-video-preview:-1\" \/>\n<link rel=\"canonical\" href=\"https:\/\/coraldesign.co\/es\/lean-powering\/\" \/>\n<meta property=\"og:locale\" content=\"es_ES\" \/>\n<meta property=\"og:type\" content=\"article\" \/>\n<meta property=\"og:title\" content=\"Portfolio- Lean Powering - Coral Design\" \/>\n<meta property=\"og:description\" content=\"Lean Powering Lean Powering is a consulting firm helping businesses optimize their processes using agile methodologies. Location \/ Medell\u00edn, COL Project \/ Web Design UX\/UI\" \/>\n<meta property=\"og:url\" content=\"https:\/\/coraldesign.co\/es\/lean-powering\/\" \/>\n<meta property=\"og:site_name\" content=\"Coral Design\" \/>\n<meta property=\"article:modified_time\" content=\"2024-11-17T00:53:22+00:00\" \/>\n<meta property=\"og:image\" content=\"http:\/\/coraldesign.co\/wp-content\/uploads\/2024\/05\/yA3ivvYgz8W-1-scaled-e1715050787560-768x1004.jpg\" \/>\n<meta name=\"twitter:card\" content=\"summary_large_image\" \/>\n<script type=\"application\/ld+json\" class=\"yoast-schema-graph\">{\"@context\":\"https:\\\/\\\/schema.org\",\"@graph\":[{\"@type\":\"WebPage\",\"@id\":\"https:\\\/\\\/coraldesign.co\\\/lean-powering\\\/\",\"url\":\"https:\\\/\\\/coraldesign.co\\\/lean-powering\\\/\",\"name\":\"Portfolio- Lean Powering - Coral Design\",\"isPartOf\":{\"@id\":\"https:\\\/\\\/coraldesign.co\\\/#website\"},\"primaryImageOfPage\":{\"@id\":\"https:\\\/\\\/coraldesign.co\\\/lean-powering\\\/#primaryimage\"},\"image\":{\"@id\":\"https:\\\/\\\/coraldesign.co\\\/lean-powering\\\/#primaryimage\"},\"thumbnailUrl\":\"http:\\\/\\\/coraldesign.co\\\/wp-content\\\/uploads\\\/2024\\\/05\\\/yA3ivvYgz8W-1-scaled-e1715050787560-768x1004.jpg\",\"datePublished\":\"2024-05-07T02:37:54+00:00\",\"dateModified\":\"2024-11-17T00:53:22+00:00\",\"breadcrumb\":{\"@id\":\"https:\\\/\\\/coraldesign.co\\\/lean-powering\\\/#breadcrumb\"},\"inLanguage\":\"es\",\"potentialAction\":[{\"@type\":\"ReadAction\",\"target\":[\"https:\\\/\\\/coraldesign.co\\\/lean-powering\\\/\"]}]},{\"@type\":\"ImageObject\",\"inLanguage\":\"es\",\"@id\":\"https:\\\/\\\/coraldesign.co\\\/lean-powering\\\/#primaryimage\",\"url\":\"http:\\\/\\\/coraldesign.co\\\/wp-content\\\/uploads\\\/2024\\\/05\\\/yA3ivvYgz8W-1-scaled-e1715050787560-768x1004.jpg\",\"contentUrl\":\"http:\\\/\\\/coraldesign.co\\\/wp-content\\\/uploads\\\/2024\\\/05\\\/yA3ivvYgz8W-1-scaled-e1715050787560-768x1004.jpg\"},{\"@type\":\"BreadcrumbList\",\"@id\":\"https:\\\/\\\/coraldesign.co\\\/lean-powering\\\/#breadcrumb\",\"itemListElement\":[{\"@type\":\"ListItem\",\"position\":1,\"name\":\"Home\",\"item\":\"https:\\\/\\\/coraldesign.co\\\/\"},{\"@type\":\"ListItem\",\"position\":2,\"name\":\"Portfolio- Lean Powering\"}]},{\"@type\":\"WebSite\",\"@id\":\"https:\\\/\\\/coraldesign.co\\\/#website\",\"url\":\"https:\\\/\\\/coraldesign.co\\\/\",\"name\":\"Coral Design\",\"description\":\"\",\"publisher\":{\"@id\":\"https:\\\/\\\/coraldesign.co\\\/#organization\"},\"potentialAction\":[{\"@type\":\"SearchAction\",\"target\":{\"@type\":\"EntryPoint\",\"urlTemplate\":\"https:\\\/\\\/coraldesign.co\\\/?s={search_term_string}\"},\"query-input\":{\"@type\":\"PropertyValueSpecification\",\"valueRequired\":true,\"valueName\":\"search_term_string\"}}],\"inLanguage\":\"es\"},{\"@type\":\"Organization\",\"@id\":\"https:\\\/\\\/coraldesign.co\\\/#organization\",\"name\":\"Coral Design\",\"url\":\"https:\\\/\\\/coraldesign.co\\\/\",\"logo\":{\"@type\":\"ImageObject\",\"inLanguage\":\"es\",\"@id\":\"https:\\\/\\\/coraldesign.co\\\/#\\\/schema\\\/logo\\\/image\\\/\",\"url\":\"https:\\\/\\\/coraldesign.co\\\/wp-content\\\/uploads\\\/2024\\\/07\\\/Artboard-4-copy-3@2x-e1770506519102.png\",\"contentUrl\":\"https:\\\/\\\/coraldesign.co\\\/wp-content\\\/uploads\\\/2024\\\/07\\\/Artboard-4-copy-3@2x-e1770506519102.png\",\"width\":2400,\"height\":692,\"caption\":\"Coral Design\"},\"image\":{\"@id\":\"https:\\\/\\\/coraldesign.co\\\/#\\\/schema\\\/logo\\\/image\\\/\"},\"sameAs\":[\"https:\\\/\\\/www.instagram.com\\\/coraldesign_co\\\/\"]}]}<\/script>\n<!-- \/ Yoast SEO plugin. -->","yoast_head_json":{"title":"Portfolio- Lean Powering - Coral Design","robots":{"index":"index","follow":"follow","max-snippet":"max-snippet:-1","max-image-preview":"max-image-preview:large","max-video-preview":"max-video-preview:-1"},"canonical":"https:\/\/coraldesign.co\/es\/lean-powering\/","og_locale":"es_ES","og_type":"article","og_title":"Portfolio- Lean Powering - Coral Design","og_description":"Lean Powering Lean Powering is a consulting firm helping businesses optimize their processes using agile methodologies. Location \/ Medell\u00edn, COL Project \/ Web Design UX\/UI","og_url":"https:\/\/coraldesign.co\/es\/lean-powering\/","og_site_name":"Coral Design","article_modified_time":"2024-11-17T00:53:22+00:00","og_image":[{"url":"http:\/\/coraldesign.co\/wp-content\/uploads\/2024\/05\/yA3ivvYgz8W-1-scaled-e1715050787560-768x1004.jpg","type":"","width":"","height":""}],"twitter_card":"summary_large_image","schema":{"@context":"https:\/\/schema.org","@graph":[{"@type":"WebPage","@id":"https:\/\/coraldesign.co\/lean-powering\/","url":"https:\/\/coraldesign.co\/lean-powering\/","name":"Portfolio- Lean Powering - Coral Design","isPartOf":{"@id":"https:\/\/coraldesign.co\/#website"},"primaryImageOfPage":{"@id":"https:\/\/coraldesign.co\/lean-powering\/#primaryimage"},"image":{"@id":"https:\/\/coraldesign.co\/lean-powering\/#primaryimage"},"thumbnailUrl":"http:\/\/coraldesign.co\/wp-content\/uploads\/2024\/05\/yA3ivvYgz8W-1-scaled-e1715050787560-768x1004.jpg","datePublished":"2024-05-07T02:37:54+00:00","dateModified":"2024-11-17T00:53:22+00:00","breadcrumb":{"@id":"https:\/\/coraldesign.co\/lean-powering\/#breadcrumb"},"inLanguage":"es","potentialAction":[{"@type":"ReadAction","target":["https:\/\/coraldesign.co\/lean-powering\/"]}]},{"@type":"ImageObject","inLanguage":"es","@id":"https:\/\/coraldesign.co\/lean-powering\/#primaryimage","url":"http:\/\/coraldesign.co\/wp-content\/uploads\/2024\/05\/yA3ivvYgz8W-1-scaled-e1715050787560-768x1004.jpg","contentUrl":"http:\/\/coraldesign.co\/wp-content\/uploads\/2024\/05\/yA3ivvYgz8W-1-scaled-e1715050787560-768x1004.jpg"},{"@type":"BreadcrumbList","@id":"https:\/\/coraldesign.co\/lean-powering\/#breadcrumb","itemListElement":[{"@type":"ListItem","position":1,"name":"Home","item":"https:\/\/coraldesign.co\/"},{"@type":"ListItem","position":2,"name":"Portfolio- Lean Powering"}]},{"@type":"WebSite","@id":"https:\/\/coraldesign.co\/#website","url":"https:\/\/coraldesign.co\/","name":"Coral Design","description":"","publisher":{"@id":"https:\/\/coraldesign.co\/#organization"},"potentialAction":[{"@type":"SearchAction","target":{"@type":"EntryPoint","urlTemplate":"https:\/\/coraldesign.co\/?s={search_term_string}"},"query-input":{"@type":"PropertyValueSpecification","valueRequired":true,"valueName":"search_term_string"}}],"inLanguage":"es"},{"@type":"Organization","@id":"https:\/\/coraldesign.co\/#organization","name":"Coral Design","url":"https:\/\/coraldesign.co\/","logo":{"@type":"ImageObject","inLanguage":"es","@id":"https:\/\/coraldesign.co\/#\/schema\/logo\/image\/","url":"https:\/\/coraldesign.co\/wp-content\/uploads\/2024\/07\/Artboard-4-copy-3@2x-e1770506519102.png","contentUrl":"https:\/\/coraldesign.co\/wp-content\/uploads\/2024\/07\/Artboard-4-copy-3@2x-e1770506519102.png","width":2400,"height":692,"caption":"Coral Design"},"image":{"@id":"https:\/\/coraldesign.co\/#\/schema\/logo\/image\/"},"sameAs":["https:\/\/www.instagram.com\/coraldesign_co\/"]}]}},"uagb_featured_image_src":{"full":false,"thumbnail":false,"medium":false,"medium_large":false,"large":false,"1536x1536":false,"2048x2048":false,"trp-custom-language-flag":false,"_nx_notification_thumb_100_100":false,"_nx_notification_thumb_200_200":false,"_nx_notification_thumb_300_300":false,"_nx_notification_thumb_400_400":false,"_nx_notification_thumb_500_500":false},"uagb_author_info":{"display_name":"Dani","author_link":"https:\/\/coraldesign.co\/es\/author\/dani\/"},"uagb_comment_info":0,"uagb_excerpt":"Lean Powering Lean Powering is a consulting firm helping businesses optimize their processes using agile methodologies. Location \/ Medell\u00edn, COL Project \/ Web Design UX\/UI","_links":{"self":[{"href":"https:\/\/coraldesign.co\/es\/wp-json\/wp\/v2\/pages\/1395","targetHints":{"allow":["GET"]}}],"collection":[{"href":"https:\/\/coraldesign.co\/es\/wp-json\/wp\/v2\/pages"}],"about":[{"href":"https:\/\/coraldesign.co\/es\/wp-json\/wp\/v2\/types\/page"}],"author":[{"embeddable":true,"href":"https:\/\/coraldesign.co\/es\/wp-json\/wp\/v2\/users\/1"}],"replies":[{"embeddable":true,"href":"https:\/\/coraldesign.co\/es\/wp-json\/wp\/v2\/comments?post=1395"}],"version-history":[{"count":47,"href":"https:\/\/coraldesign.co\/es\/wp-json\/wp\/v2\/pages\/1395\/revisions"}],"predecessor-version":[{"id":2836,"href":"https:\/\/coraldesign.co\/es\/wp-json\/wp\/v2\/pages\/1395\/revisions\/2836"}],"wp:attachment":[{"href":"https:\/\/coraldesign.co\/es\/wp-json\/wp\/v2\/media?parent=1395"}],"curies":[{"name":"wp","href":"https:\/\/api.w.org\/{rel}","templated":true}]}}