{"id":2855,"date":"2025-08-03T01:40:26","date_gmt":"2025-08-03T01:40:26","guid":{"rendered":"https:\/\/coraldesign.co\/?page_id=2855"},"modified":"2026-03-24T19:57:42","modified_gmt":"2026-03-24T19:57:42","slug":"links","status":"publish","type":"page","link":"https:\/\/coraldesign.co\/es\/links\/","title":{"rendered":"links"},"content":{"rendered":"<div data-elementor-type=\"wp-page\" data-elementor-id=\"2855\" class=\"elementor elementor-2855\">\n\t\t\t\t\t\t<section class=\"elementor-section elementor-top-section elementor-element elementor-element-1f6b9841 elementor-section-boxed elementor-section-height-default elementor-section-height-default\" data-id=\"1f6b9841\" data-element_type=\"section\" data-e-type=\"section\" data-settings=\"{&quot;background_background&quot;:&quot;gradient&quot;}\">\n\t\t\t\t\t\t<div class=\"elementor-container elementor-column-gap-default\">\n\t\t\t\t\t<div class=\"elementor-column elementor-col-100 elementor-top-column elementor-element elementor-element-4be5f60f\" data-id=\"4be5f60f\" data-element_type=\"column\" data-e-type=\"column\">\n\t\t\t<div class=\"elementor-widget-wrap elementor-element-populated\">\n\t\t\t\t\t\t<div class=\"elementor-element elementor-element-7e7bfeff elementor-widget__width-initial elementor-invisible elementor-widget elementor-widget-image\" data-id=\"7e7bfeff\" data-element_type=\"widget\" data-e-type=\"widget\" data-settings=\"{&quot;_animation&quot;:&quot;fadeIn&quot;}\" data-widget_type=\"image.default\">\n\t\t\t\t<div class=\"elementor-widget-container\">\n\t\t\t\t\t\t\t\t\t\t\t\t\t\t\t<img fetchpriority=\"high\" decoding=\"async\" width=\"500\" height=\"500\" src=\"https:\/\/coraldesign.co\/wp-content\/uploads\/2024\/04\/Logo-Coral.png-1.png\" class=\"attachment-large size-large wp-image-569\" alt=\"\" srcset=\"https:\/\/coraldesign.co\/wp-content\/uploads\/2024\/04\/Logo-Coral.png-1.png 500w, https:\/\/coraldesign.co\/wp-content\/uploads\/2024\/04\/Logo-Coral.png-1-300x300.png 300w, https:\/\/coraldesign.co\/wp-content\/uploads\/2024\/04\/Logo-Coral.png-1-150x150.png 150w\" sizes=\"(max-width: 500px) 100vw, 500px\" \/>\t\t\t\t\t\t\t\t\t\t\t\t\t\t\t<\/div>\n\t\t\t\t<\/div>\n\t\t\t\t<div class=\"elementor-element elementor-element-1d89a14a elementor-invisible elementor-widget elementor-widget-heading\" data-id=\"1d89a14a\" data-element_type=\"widget\" data-e-type=\"widget\" data-settings=\"{&quot;_animation&quot;:&quot;fadeIn&quot;}\" data-widget_type=\"heading.default\">\n\t\t\t\t<div class=\"elementor-widget-container\">\n\t\t\t\t\t<h2 class=\"elementor-heading-title elementor-size-default\">Hacemos tus ideas realidad<\/h2>\t\t\t\t<\/div>\n\t\t\t\t<\/div>\n\t\t\t\t<section class=\"elementor-section elementor-inner-section elementor-element elementor-element-600ef1ff animated-slow elementor-section-boxed elementor-section-height-default elementor-section-height-default elementor-invisible\" data-id=\"600ef1ff\" data-element_type=\"section\" data-e-type=\"section\" data-settings=\"{&quot;background_background&quot;:&quot;classic&quot;,&quot;animation&quot;:&quot;fadeInUp&quot;,&quot;animation_delay&quot;:0}\">\n\t\t\t\t\t\t<div class=\"elementor-container elementor-column-gap-no\">\n\t\t\t\t\t<div class=\"elementor-column elementor-col-100 elementor-inner-column elementor-element elementor-element-545076cd\" data-id=\"545076cd\" data-element_type=\"column\" data-e-type=\"column\">\n\t\t\t<div class=\"elementor-widget-wrap elementor-element-populated\">\n\t\t\t\t\t\t<section class=\"elementor-section elementor-inner-section elementor-element elementor-element-5b59ec78 elementor-section-boxed elementor-section-height-default elementor-section-height-default\" data-id=\"5b59ec78\" data-element_type=\"section\" data-e-type=\"section\">\n\t\t\t\t\t\t<div class=\"elementor-container elementor-column-gap-no\">\n\t\t\t\t\t<div class=\"elementor-column elementor-col-100 elementor-inner-column elementor-element elementor-element-797b3f2d\" data-id=\"797b3f2d\" data-element_type=\"column\" data-e-type=\"column\">\n\t\t\t<div class=\"elementor-widget-wrap elementor-element-populated\">\n\t\t\t\t\t\t<div class=\"elementor-element elementor-element-1980569b elementor-align-justify elementor-invisible elementor-widget elementor-widget-button\" data-id=\"1980569b\" data-element_type=\"widget\" data-e-type=\"widget\" data-settings=\"{&quot;_animation&quot;:&quot;pulse&quot;}\" data-widget_type=\"button.default\">\n\t\t\t\t<div class=\"elementor-widget-container\">\n\t\t\t\t\t\t\t\t\t<div class=\"elementor-button-wrapper\">\n\t\t\t\t\t<a class=\"elementor-button elementor-button-link elementor-size-md\" href=\"https:\/\/drive.google.com\/file\/d\/1EQm7EdME9xNHn5wI-BEb9YXJKBSL4lXm\/view?usp=drive_link\">\n\t\t\t\t\t\t<span class=\"elementor-button-content-wrapper\">\n\t\t\t\t\t\t\t\t\t<span class=\"elementor-button-text\">Dise\u00f1o Web<\/span>\n\t\t\t\t\t<\/span>\n\t\t\t\t\t<\/a>\n\t\t\t\t<\/div>\n\t\t\t\t\t\t\t\t<\/div>\n\t\t\t\t<\/div>\n\t\t\t\t<div class=\"elementor-element elementor-element-5c1f1c4 elementor-align-justify elementor-invisible elementor-widget elementor-widget-button\" data-id=\"5c1f1c4\" data-element_type=\"widget\" data-e-type=\"widget\" data-settings=\"{&quot;_animation&quot;:&quot;pulse&quot;}\" data-widget_type=\"button.default\">\n\t\t\t\t<div class=\"elementor-widget-container\">\n\t\t\t\t\t\t\t\t\t<div class=\"elementor-button-wrapper\">\n\t\t\t\t\t<a class=\"elementor-button elementor-button-link elementor-size-md\" href=\"#\">\n\t\t\t\t\t\t<span class=\"elementor-button-content-wrapper\">\n\t\t\t\t\t\t\t\t\t<span class=\"elementor-button-text\">Logo y Creaci\u00f3n de Marca<\/span>\n\t\t\t\t\t<\/span>\n\t\t\t\t\t<\/a>\n\t\t\t\t<\/div>\n\t\t\t\t\t\t\t\t<\/div>\n\t\t\t\t<\/div>\n\t\t\t\t<div class=\"elementor-element elementor-element-ceb7957 elementor-align-justify elementor-invisible elementor-widget elementor-widget-button\" data-id=\"ceb7957\" data-element_type=\"widget\" data-e-type=\"widget\" data-settings=\"{&quot;_animation&quot;:&quot;pulse&quot;}\" data-widget_type=\"button.default\">\n\t\t\t\t<div class=\"elementor-widget-container\">\n\t\t\t\t\t\t\t\t\t<div class=\"elementor-button-wrapper\">\n\t\t\t\t\t<a class=\"elementor-button elementor-button-link elementor-size-md\" href=\"https:\/\/drive.google.com\/file\/d\/1tkcj8IR1eQxGuHWdAbKTvg5ZoI426N7N\/view?usp=drive_link\">\n\t\t\t\t\t\t<span class=\"elementor-button-content-wrapper\">\n\t\t\t\t\t\t\t\t\t<span class=\"elementor-button-text\">Redes Sociales<\/span>\n\t\t\t\t\t<\/span>\n\t\t\t\t\t<\/a>\n\t\t\t\t<\/div>\n\t\t\t\t\t\t\t\t<\/div>\n\t\t\t\t<\/div>\n\t\t\t\t<div class=\"elementor-element elementor-element-63ed7b55 elementor-align-center elementor-icon-list--layout-traditional elementor-list-item-link-full_width elementor-widget elementor-widget-icon-list\" data-id=\"63ed7b55\" data-element_type=\"widget\" data-e-type=\"widget\" data-widget_type=\"icon-list.default\">\n\t\t\t\t<div class=\"elementor-widget-container\">\n\t\t\t\t\t\t\t<ul class=\"elementor-icon-list-items\">\n\t\t\t\t\t\t\t<li class=\"elementor-icon-list-item\">\n\t\t\t\t\t\t\t\t\t\t\t<a href=\"http:\/\/www.coraldesign.co\/es\/\">\n\n\t\t\t\t\t\t\t\t\t\t\t\t<span class=\"elementor-icon-list-icon\">\n\t\t\t\t\t\t\t<svg aria-hidden=\"true\" class=\"e-font-icon-svg e-fas-globe\" viewbox=\"0 0 496 512\" xmlns=\"http:\/\/www.w3.org\/2000\/svg\"><path d=\"M336.5 160C322 70.7 287.8 8 248 8s-74 62.7-88.5 152h177zM152 256c0 22.2 1.2 43.5 3.3 64h185.3c2.1-20.5 3.3-41.8 3.3-64s-1.2-43.5-3.3-64H155.3c-2.1 20.5-3.3 41.8-3.3 64zm324.7-96c-28.6-67.9-86.5-120.4-158-141.6 24.4 33.8 41.2 84.7 50 141.6h108zM177.2 18.4C105.8 39.6 47.8 92.1 19.3 160h108c8.7-56.9 25.5-107.8 49.9-141.6zM487.4 192H372.7c2.1 21 3.3 42.5 3.3 64s-1.2 43-3.3 64h114.6c5.5-20.5 8.6-41.8 8.6-64s-3.1-43.5-8.5-64zM120 256c0-21.5 1.2-43 3.3-64H8.6C3.2 212.5 0 233.8 0 256s3.2 43.5 8.6 64h114.6c-2-21-3.2-42.5-3.2-64zm39.5 96c14.5 89.3 48.7 152 88.5 152s74-62.7 88.5-152h-177zm159.3 141.6c71.4-21.2 129.4-73.7 158-141.6h-108c-8.8 56.9-25.6 107.8-50 141.6zM19.3 352c28.6 67.9 86.5 120.4 158 141.6-24.4-33.8-41.2-84.7-50-141.6h-108z\"><\/path><\/svg>\t\t\t\t\t\t<\/span>\n\t\t\t\t\t\t\t\t\t\t<span class=\"elementor-icon-list-text\">www.coraldesign.co<\/span>\n\t\t\t\t\t\t\t\t\t\t\t<\/a>\n\t\t\t\t\t\t\t\t\t<\/li>\n\t\t\t\t\t\t<\/ul>\n\t\t\t\t\t\t<\/div>\n\t\t\t\t<\/div>\n\t\t\t\t<div class=\"elementor-element elementor-element-fd56389 elementor-align-center elementor-invisible elementor-widget elementor-widget-button\" data-id=\"fd56389\" data-element_type=\"widget\" data-e-type=\"widget\" data-settings=\"{&quot;_animation&quot;:&quot;pulse&quot;}\" data-widget_type=\"button.default\">\n\t\t\t\t<div class=\"elementor-widget-container\">\n\t\t\t\t\t\t\t\t\t<div class=\"elementor-button-wrapper\">\n\t\t\t\t\t<a class=\"elementor-button elementor-button-link elementor-size-md\" href=\"https:\/\/drive.google.com\/file\/d\/1xF_qAH1Gzkrcr4WfMStr_dsoZ8GqloPF\/view?usp=sharinghttps:\/\/drive.google.com\/file\/d\/1xF_qAH1Gzkrcr4WfMStr_dsoZ8GqloPF\/view?usp=sharing\">\n\t\t\t\t\t\t<span class=\"elementor-button-content-wrapper\">\n\t\t\t\t\t\t\t\t\t<span class=\"elementor-button-text\">T\u00e9rminos y Condiciones<\/span>\n\t\t\t\t\t<\/span>\n\t\t\t\t\t<\/a>\n\t\t\t\t<\/div>\n\t\t\t\t\t\t\t\t<\/div>\n\t\t\t\t<\/div>\n\t\t\t\t\t<\/div>\n\t\t<\/div>\n\t\t\t\t\t<\/div>\n\t\t<\/section>\n\t\t\t\t\t<\/div>\n\t\t<\/div>\n\t\t\t\t\t<\/div>\n\t\t<\/section>\n\t\t\t\t\t<\/div>\n\t\t<\/div>\n\t\t\t\t\t<\/div>\n\t\t<\/section>\n\t\t\t\t<\/div>","protected":false},"excerpt":{"rendered":"<p>We bring your ideas to life Dise\u00f1o Web Logo y Creaci\u00f3n de Marca Redes Sociales www.coraldesign.co T\u00e9rminos y Condiciones<\/p>","protected":false},"author":1,"featured_media":0,"parent":0,"menu_order":0,"comment_status":"closed","ping_status":"closed","template":"elementor_canvas","meta":{"content-type":"","_uag_custom_page_level_css":"","footnotes":""},"class_list":["post-2855","page","type-page","status-publish","hentry"],"yoast_head":"<!-- This site is optimized with the Yoast SEO plugin v27.5 - https:\/\/yoast.com\/product\/yoast-seo-wordpress\/ -->\n<title>links - Coral Design<\/title>\n<meta name=\"robots\" content=\"index, follow, max-snippet:-1, max-image-preview:large, max-video-preview:-1\" \/>\n<link rel=\"canonical\" href=\"https:\/\/coraldesign.co\/es\/links\/\" \/>\n<meta property=\"og:locale\" content=\"es_ES\" \/>\n<meta property=\"og:type\" content=\"article\" \/>\n<meta property=\"og:title\" content=\"links - Coral Design\" \/>\n<meta property=\"og:description\" content=\"We bring your ideas to life Dise\u00f1o Web Logo y Creaci\u00f3n de Marca Redes Sociales www.coraldesign.co T\u00e9rminos y Condiciones\" \/>\n<meta property=\"og:url\" content=\"https:\/\/coraldesign.co\/es\/links\/\" \/>\n<meta property=\"og:site_name\" content=\"Coral Design\" \/>\n<meta property=\"article:modified_time\" content=\"2026-03-24T19:57:42+00:00\" \/>\n<meta property=\"og:image\" content=\"https:\/\/coraldesign.co\/wp-content\/uploads\/2024\/04\/Logo-Coral.png-1.png\" \/>\n\t<meta property=\"og:image:width\" content=\"500\" \/>\n\t<meta property=\"og:image:height\" content=\"500\" \/>\n\t<meta property=\"og:image:type\" content=\"image\/png\" \/>\n<meta name=\"twitter:card\" content=\"summary_large_image\" \/>\n<meta name=\"twitter:label1\" content=\"Tiempo de lectura\" \/>\n\t<meta name=\"twitter:data1\" content=\"1 minuto\" \/>\n<script type=\"application\/ld+json\" class=\"yoast-schema-graph\">{\"@context\":\"https:\\\/\\\/schema.org\",\"@graph\":[{\"@type\":\"WebPage\",\"@id\":\"https:\\\/\\\/coraldesign.co\\\/links\\\/\",\"url\":\"https:\\\/\\\/coraldesign.co\\\/links\\\/\",\"name\":\"links - Coral Design\",\"isPartOf\":{\"@id\":\"https:\\\/\\\/coraldesign.co\\\/#website\"},\"primaryImageOfPage\":{\"@id\":\"https:\\\/\\\/coraldesign.co\\\/links\\\/#primaryimage\"},\"image\":{\"@id\":\"https:\\\/\\\/coraldesign.co\\\/links\\\/#primaryimage\"},\"thumbnailUrl\":\"http:\\\/\\\/coraldesign.co\\\/wp-content\\\/uploads\\\/2024\\\/04\\\/Logo-Coral.png-1.png\",\"datePublished\":\"2025-08-03T01:40:26+00:00\",\"dateModified\":\"2026-03-24T19:57:42+00:00\",\"breadcrumb\":{\"@id\":\"https:\\\/\\\/coraldesign.co\\\/links\\\/#breadcrumb\"},\"inLanguage\":\"es\",\"potentialAction\":[{\"@type\":\"ReadAction\",\"target\":[\"https:\\\/\\\/coraldesign.co\\\/links\\\/\"]}]},{\"@type\":\"ImageObject\",\"inLanguage\":\"es\",\"@id\":\"https:\\\/\\\/coraldesign.co\\\/links\\\/#primaryimage\",\"url\":\"http:\\\/\\\/coraldesign.co\\\/wp-content\\\/uploads\\\/2024\\\/04\\\/Logo-Coral.png-1.png\",\"contentUrl\":\"http:\\\/\\\/coraldesign.co\\\/wp-content\\\/uploads\\\/2024\\\/04\\\/Logo-Coral.png-1.png\"},{\"@type\":\"BreadcrumbList\",\"@id\":\"https:\\\/\\\/coraldesign.co\\\/links\\\/#breadcrumb\",\"itemListElement\":[{\"@type\":\"ListItem\",\"position\":1,\"name\":\"Home\",\"item\":\"https:\\\/\\\/coraldesign.co\\\/\"},{\"@type\":\"ListItem\",\"position\":2,\"name\":\"links\"}]},{\"@type\":\"WebSite\",\"@id\":\"https:\\\/\\\/coraldesign.co\\\/#website\",\"url\":\"https:\\\/\\\/coraldesign.co\\\/\",\"name\":\"Coral Design\",\"description\":\"\",\"publisher\":{\"@id\":\"https:\\\/\\\/coraldesign.co\\\/#organization\"},\"potentialAction\":[{\"@type\":\"SearchAction\",\"target\":{\"@type\":\"EntryPoint\",\"urlTemplate\":\"https:\\\/\\\/coraldesign.co\\\/?s={search_term_string}\"},\"query-input\":{\"@type\":\"PropertyValueSpecification\",\"valueRequired\":true,\"valueName\":\"search_term_string\"}}],\"inLanguage\":\"es\"},{\"@type\":\"Organization\",\"@id\":\"https:\\\/\\\/coraldesign.co\\\/#organization\",\"name\":\"Coral Design\",\"url\":\"https:\\\/\\\/coraldesign.co\\\/\",\"logo\":{\"@type\":\"ImageObject\",\"inLanguage\":\"es\",\"@id\":\"https:\\\/\\\/coraldesign.co\\\/#\\\/schema\\\/logo\\\/image\\\/\",\"url\":\"https:\\\/\\\/coraldesign.co\\\/wp-content\\\/uploads\\\/2024\\\/07\\\/Artboard-4-copy-3@2x-e1770506519102.png\",\"contentUrl\":\"https:\\\/\\\/coraldesign.co\\\/wp-content\\\/uploads\\\/2024\\\/07\\\/Artboard-4-copy-3@2x-e1770506519102.png\",\"width\":2400,\"height\":692,\"caption\":\"Coral Design\"},\"image\":{\"@id\":\"https:\\\/\\\/coraldesign.co\\\/#\\\/schema\\\/logo\\\/image\\\/\"},\"sameAs\":[\"https:\\\/\\\/www.instagram.com\\\/coraldesign_co\\\/\"]}]}<\/script>\n<!-- \/ Yoast SEO plugin. -->","yoast_head_json":{"title":"links - Coral Design","robots":{"index":"index","follow":"follow","max-snippet":"max-snippet:-1","max-image-preview":"max-image-preview:large","max-video-preview":"max-video-preview:-1"},"canonical":"https:\/\/coraldesign.co\/es\/links\/","og_locale":"es_ES","og_type":"article","og_title":"links - Coral Design","og_description":"We bring your ideas to life Dise\u00f1o Web Logo y Creaci\u00f3n de Marca Redes Sociales www.coraldesign.co T\u00e9rminos y Condiciones","og_url":"https:\/\/coraldesign.co\/es\/links\/","og_site_name":"Coral Design","article_modified_time":"2026-03-24T19:57:42+00:00","og_image":[{"width":500,"height":500,"url":"https:\/\/coraldesign.co\/wp-content\/uploads\/2024\/04\/Logo-Coral.png-1.png","type":"image\/png"}],"twitter_card":"summary_large_image","twitter_misc":{"Tiempo de lectura":"1 minuto"},"schema":{"@context":"https:\/\/schema.org","@graph":[{"@type":"WebPage","@id":"https:\/\/coraldesign.co\/links\/","url":"https:\/\/coraldesign.co\/links\/","name":"links - Coral Design","isPartOf":{"@id":"https:\/\/coraldesign.co\/#website"},"primaryImageOfPage":{"@id":"https:\/\/coraldesign.co\/links\/#primaryimage"},"image":{"@id":"https:\/\/coraldesign.co\/links\/#primaryimage"},"thumbnailUrl":"http:\/\/coraldesign.co\/wp-content\/uploads\/2024\/04\/Logo-Coral.png-1.png","datePublished":"2025-08-03T01:40:26+00:00","dateModified":"2026-03-24T19:57:42+00:00","breadcrumb":{"@id":"https:\/\/coraldesign.co\/links\/#breadcrumb"},"inLanguage":"es","potentialAction":[{"@type":"ReadAction","target":["https:\/\/coraldesign.co\/links\/"]}]},{"@type":"ImageObject","inLanguage":"es","@id":"https:\/\/coraldesign.co\/links\/#primaryimage","url":"http:\/\/coraldesign.co\/wp-content\/uploads\/2024\/04\/Logo-Coral.png-1.png","contentUrl":"http:\/\/coraldesign.co\/wp-content\/uploads\/2024\/04\/Logo-Coral.png-1.png"},{"@type":"BreadcrumbList","@id":"https:\/\/coraldesign.co\/links\/#breadcrumb","itemListElement":[{"@type":"ListItem","position":1,"name":"Home","item":"https:\/\/coraldesign.co\/"},{"@type":"ListItem","position":2,"name":"links"}]},{"@type":"WebSite","@id":"https:\/\/coraldesign.co\/#website","url":"https:\/\/coraldesign.co\/","name":"Coral Design","description":"","publisher":{"@id":"https:\/\/coraldesign.co\/#organization"},"potentialAction":[{"@type":"SearchAction","target":{"@type":"EntryPoint","urlTemplate":"https:\/\/coraldesign.co\/?s={search_term_string}"},"query-input":{"@type":"PropertyValueSpecification","valueRequired":true,"valueName":"search_term_string"}}],"inLanguage":"es"},{"@type":"Organization","@id":"https:\/\/coraldesign.co\/#organization","name":"Coral Design","url":"https:\/\/coraldesign.co\/","logo":{"@type":"ImageObject","inLanguage":"es","@id":"https:\/\/coraldesign.co\/#\/schema\/logo\/image\/","url":"https:\/\/coraldesign.co\/wp-content\/uploads\/2024\/07\/Artboard-4-copy-3@2x-e1770506519102.png","contentUrl":"https:\/\/coraldesign.co\/wp-content\/uploads\/2024\/07\/Artboard-4-copy-3@2x-e1770506519102.png","width":2400,"height":692,"caption":"Coral Design"},"image":{"@id":"https:\/\/coraldesign.co\/#\/schema\/logo\/image\/"},"sameAs":["https:\/\/www.instagram.com\/coraldesign_co\/"]}]}},"uagb_featured_image_src":{"full":false,"thumbnail":false,"medium":false,"medium_large":false,"large":false,"1536x1536":false,"2048x2048":false,"trp-custom-language-flag":false,"_nx_notification_thumb_100_100":false,"_nx_notification_thumb_200_200":false,"_nx_notification_thumb_300_300":false,"_nx_notification_thumb_400_400":false,"_nx_notification_thumb_500_500":false},"uagb_author_info":{"display_name":"Dani","author_link":"https:\/\/coraldesign.co\/es\/author\/dani\/"},"uagb_comment_info":0,"uagb_excerpt":"We bring your ideas to life Dise\u00f1o Web Logo y Creaci\u00f3n de Marca Redes Sociales www.coraldesign.co T\u00e9rminos y Condiciones","_links":{"self":[{"href":"https:\/\/coraldesign.co\/es\/wp-json\/wp\/v2\/pages\/2855","targetHints":{"allow":["GET"]}}],"collection":[{"href":"https:\/\/coraldesign.co\/es\/wp-json\/wp\/v2\/pages"}],"about":[{"href":"https:\/\/coraldesign.co\/es\/wp-json\/wp\/v2\/types\/page"}],"author":[{"embeddable":true,"href":"https:\/\/coraldesign.co\/es\/wp-json\/wp\/v2\/users\/1"}],"replies":[{"embeddable":true,"href":"https:\/\/coraldesign.co\/es\/wp-json\/wp\/v2\/comments?post=2855"}],"version-history":[{"count":68,"href":"https:\/\/coraldesign.co\/es\/wp-json\/wp\/v2\/pages\/2855\/revisions"}],"predecessor-version":[{"id":3735,"href":"https:\/\/coraldesign.co\/es\/wp-json\/wp\/v2\/pages\/2855\/revisions\/3735"}],"wp:attachment":[{"href":"https:\/\/coraldesign.co\/es\/wp-json\/wp\/v2\/media?parent=2855"}],"curies":[{"name":"wp","href":"https:\/\/api.w.org\/{rel}","templated":true}]}}