{"id":389,"date":"2022-04-05T09:35:32","date_gmt":"2022-04-05T09:35:32","guid":{"rendered":"https:\/\/coraldesign.co\/contact\/"},"modified":"2026-02-11T18:21:41","modified_gmt":"2026-02-11T18:21:41","slug":"contact","status":"publish","type":"page","link":"https:\/\/coraldesign.co\/es\/contact\/","title":{"rendered":"Contacto"},"content":{"rendered":"<div data-elementor-type=\"wp-page\" data-elementor-id=\"389\" class=\"elementor elementor-389\">\n\t\t\t\t<div class=\"elementor-element elementor-element-82023fd e-flex e-con-boxed e-con e-parent\" data-id=\"82023fd\" data-element_type=\"container\" data-e-type=\"container\" data-settings=\"{&quot;background_background&quot;:&quot;classic&quot;}\">\n\t\t\t\t\t<div class=\"e-con-inner\">\n\t\t<div class=\"elementor-element elementor-element-d970480 e-con-full e-flex e-con e-child\" data-id=\"d970480\" data-element_type=\"container\" data-e-type=\"container\">\n\t\t\t\t<div class=\"elementor-element elementor-element-3ce2852 elementor-widget elementor-widget-heading\" data-id=\"3ce2852\" data-element_type=\"widget\" data-e-type=\"widget\" data-widget_type=\"heading.default\">\n\t\t\t\t<div class=\"elementor-widget-container\">\n\t\t\t\t\t<h3 class=\"elementor-heading-title elementor-size-default\"><br><br><h3 class=\"elementor-heading-title elementor-size-default elementor-inline-editing pen\" data-elementor-setting-key=\"title\" data-pen-placeholder=\"Type Here...\" style=\"font-style: normal\">Trabajamos con marcas de todo el mundo, si necesitas nuestros servicios en ingl\u00e9s o espa\u00f1ol, nos encantar\u00e1 conocerte.\n<\/h3><\/h3>\t\t\t\t<\/div>\n\t\t\t\t<\/div>\n\t\t\t\t<\/div>\n\t\t<div class=\"elementor-element elementor-element-77529e3 e-con-full e-flex e-con e-child\" data-id=\"77529e3\" data-element_type=\"container\" data-e-type=\"container\">\n\t\t<div class=\"elementor-element elementor-element-121c440 e-con-full e-flex e-con e-child\" data-id=\"121c440\" data-element_type=\"container\" data-e-type=\"container\" data-settings=\"{&quot;background_background&quot;:&quot;classic&quot;}\">\n\t\t\t\t<div class=\"elementor-element elementor-element-0a6499a elementor-widget elementor-widget-shortcode\" data-id=\"0a6499a\" data-element_type=\"widget\" data-e-type=\"widget\" data-widget_type=\"shortcode.default\">\n\t\t\t\t<div class=\"elementor-widget-container\">\n\t\t\t\t\t\t\t<div class=\"elementor-shortcode\"><div class='fluentform ff-default fluentform_wrapper_4 ffs_default_wrap'><form data-form_id=\"4\" id=\"fluentform_4\" class=\"frm-fluent-form fluent_form_4 ff-el-form-top ff_form_instance_4_1 ff-form-loading ffs_default\" data-form_instance=\"ff_form_instance_4_1\" method=\"POST\" action=\"\" ><fieldset  style=\"border: none!important;margin: 0!important;padding: 0!important;background-color: transparent!important;box-shadow: none!important;outline: none!important; min-inline-size: 100%;\">\n                    <legend class=\"ff_screen_reader_title\" style=\"display: block; margin: 0!important;padding: 0!important;height: 0!important;text-indent: -999999px;width: 0!important;overflow:hidden;\">Contact Form<\/legend><input type='hidden' name='__fluent_form_embded_post_id' value='389' \/><input type=\"hidden\" id=\"_fluentform_4_fluentformnonce\" name=\"_fluentform_4_fluentformnonce\" value=\"ae978bae3b\" \/><input type=\"hidden\" name=\"_wp_http_referer\" value=\"\/es\/wp-json\/wp\/v2\/pages\/389\" \/><div class='ff-el-group'><div class=\"ff-el-input--label ff-el-is-required asterisk-right\"><label for='ff_4_input_text' id='label_ff_4_input_text' aria-label=\"Nombre\">Nombre<\/label><\/div><div class='ff-el-input--content'><input type=\"text\" name=\"input_text\" class=\"ff-el-form-control\" placeholder=\"Nombre y apellido\" data-name=\"input_text\" id=\"ff_4_input_text\"  aria-invalid=\"false\" aria-required=\"true\"><\/div><\/div><div class='ff-el-group'><div class=\"ff-el-input--label ff-el-is-required asterisk-right\"><label for='ff_4_email' id='label_ff_4_email' aria-label=\"Correo electr\u00f3nico\">Correo electr\u00f3nico<\/label><div class=\"ff-el-tooltip\" data-content=\"Please Provide your Email Address\"><svg width=\"16\" height=\"16\" viewbox=\"0 0 25 25\"><path d=\"m329 393l0-46c0-2-1-4-2-6-2-2-4-3-7-3l-27 0 0-146c0-3-1-5-3-7-2-1-4-2-7-2l-91 0c-3 0-5 1-7 2-1 2-2 4-2 7l0 46c0 2 1 5 2 6 2 2 4 3 7 3l27 0 0 91-27 0c-3 0-5 1-7 3-1 2-2 4-2 6l0 46c0 3 1 5 2 7 2 1 4 2 7 2l128 0c3 0 5-1 7-2 1-2 2-4 2-7z m-36-256l0-46c0-2-1-4-3-6-2-2-4-3-7-3l-54 0c-3 0-5 1-7 3-2 2-3 4-3 6l0 46c0 3 1 5 3 7 2 1 4 2 7 2l54 0c3 0 5-1 7-2 2-2 3-4 3-7z m182 119c0 40-9 77-29 110-20 34-46 60-80 80-33 20-70 29-110 29-40 0-77-9-110-29-34-20-60-46-80-80-20-33-29-70-29-110 0-40 9-77 29-110 20-34 46-60 80-80 33-20 70-29 110-29 40 0 77 9 110 29 34 20 60 46 80 80 20 33 29 70 29 110z\" transform=\"scale(0.046875 0.046875)\"><\/path><\/svg><\/div><\/div><div class='ff-el-input--content'><input type=\"email\" name=\"email\" id=\"ff_4_email\" class=\"ff-el-form-control\" placeholder=\"someone@example.com\" data-name=\"email\"  aria-invalid=\"false\" aria-required=\"true\"><\/div><\/div><div class='ff-el-group'><div class=\"ff-el-input--label ff-el-is-required asterisk-right\"><label for='ff_4_input_text_3' id='label_ff_4_input_text_3' aria-label=\"\u00bfDe d\u00f3nde eres?\">\u00bfDe d\u00f3nde eres?<\/label><\/div><div class='ff-el-input--content'><input type=\"text\" name=\"input_text_3\" class=\"ff-el-form-control\" placeholder=\"Escribe tu respuesta aqu\u00ed...\" maxlength=\"20\" data-name=\"input_text_3\" id=\"ff_4_input_text_3\"  aria-invalid=\"false\" aria-required=\"true\"><\/div><\/div><div class='ff-el-group'><div class=\"ff-el-input--label ff-el-is-required asterisk-right\"><label for='ff_4_multi_select' id='label_ff_4_multi_select' aria-label=\"\u00bfEn cu\u00e1l de nuestros servicios est\u00e1s interesado?\">\u00bfEn cu\u00e1l de nuestros servicios est\u00e1s interesado?<\/label><\/div><div class='ff-el-input--content'><select name=\"multi_select[]\" id=\"ff_4_multi_select\" class=\"ff-el-form-control  ff_has_multi_select\" placeholder=\"Select an option\" multiple=\"1\" data-name=\"multi_select\" data-calc_value=\"0\"  aria-invalid=\"false\" aria-required=\"true\" aria-labelledby=\"label_ff_4_multi_select\"><option value=\"\">Select an option<\/option><option value=\"Branding\"  >Branding<\/option><option value=\"Ecommerce Website \"  >Ecommerce Website<\/option><option value=\"Business Website\"  >Business Website<\/option><option value=\"Portfolio Website\"  >Portfolio Website<\/option><option value=\"Social Media\"  >Redes Sociales<\/option><\/select><\/div><\/div><div class='ff-el-group'><div class=\"ff-el-input--label asterisk-right\"><label for='ff_4_description_1' id='label_ff_4_description_1' aria-label=\"P\u00e1gina web o usuario de instagram\">P\u00e1gina web o usuario de instagram<\/label><\/div><div class='ff-el-input--content'><textarea aria-required=\"false\" aria-labelledby=\"label_ff_4_description_1\" name=\"description_1\" id=\"ff_4_description_1\" class=\"ff-el-form-control\" placeholder=\"@usuario o enlace\" rows=\"3\" cols=\"2\" maxlength=\"15\" data-name=\"description_1\" ><\/textarea><\/div><\/div><div class='ff-el-group'><div class=\"ff-el-input--label ff-el-is-required asterisk-right\"><label   aria-label=\"\u00bfC\u00f3mo nos conociste?\">\u00bfC\u00f3mo nos conociste?<\/label><\/div><div class='ff-el-input--content'><div class='ff-el-form-check ff-el-form-check-'><label class='ff-el-form-check-label' for='input_radio_1_28f2b6000b425c56d7c0eb820a5e6600'><input  type=\"radio\" name=\"input_radio_1\" data-name=\"input_radio_1\" class=\"ff-el-form-check-input ff-el-form-check-radio\" value=\"Google\"  id='input_radio_1_28f2b6000b425c56d7c0eb820a5e6600' aria-label='Google' aria-invalid='false' aria-required=\"true\"> <span>Google<\/span><\/label><\/div><div class='ff-el-form-check ff-el-form-check-'><label class='ff-el-form-check-label' for='input_radio_1_e2ed861a6b06ffd356262dcefc9101ca'><input  type=\"radio\" name=\"input_radio_1\" data-name=\"input_radio_1\" class=\"ff-el-form-check-input ff-el-form-check-radio\" value=\"Instagram\"  id='input_radio_1_e2ed861a6b06ffd356262dcefc9101ca' aria-label='Instagram' aria-invalid='false' aria-required=\"true\"> <span>Instagram<\/span><\/label><\/div><div class='ff-el-form-check ff-el-form-check-'><label class='ff-el-form-check-label' for='input_radio_1_65c732a6129fd87bcb7c7615e8093bcd'><input  type=\"radio\" name=\"input_radio_1\" data-name=\"input_radio_1\" class=\"ff-el-form-check-input ff-el-form-check-radio\" value=\"Facebook\"  id='input_radio_1_65c732a6129fd87bcb7c7615e8093bcd' aria-label='Facebook' aria-invalid='false' aria-required=\"true\"> <span>Facebook<\/span><\/label><\/div><div class='ff-el-form-check ff-el-form-check-'><label class='ff-el-form-check-label' for='input_radio_1_e4d95b4de222956e15e7529b8d553a52'><input  type=\"radio\" name=\"input_radio_1\" data-name=\"input_radio_1\" class=\"ff-el-form-check-input ff-el-form-check-radio\" value=\"Recommendation\"  id='input_radio_1_e4d95b4de222956e15e7529b8d553a52' aria-label='Recomendaci\u00f3n' aria-invalid='false' aria-required=\"true\"> <span>Recomendaci\u00f3n<\/span><\/label><\/div><\/div><\/div><div class='ff-el-group ff-text-left ff_submit_btn_wrapper'><button type=\"submit\" class=\"ff-btn ff-btn-submit ff-btn-md ff_btn_style\"  aria-label=\"Enviar\">Enviar<\/button><\/div><\/fieldset><input type=\"hidden\" name=\"trp-form-language\" value=\"es\"\/><\/form><div id='fluentform_4_errors' class='ff-errors-in-stack ff_form_instance_4_1 ff-form-loading_errors ff_form_instance_4_1_errors'><\/div><\/div>            <script type=\"text\/javascript\">\n                window.fluent_form_ff_form_instance_4_1 = {\"id\":\"4\",\"ajaxUrl\":\"https:\\\/\\\/coraldesign.co\\\/wp-admin\\\/admin-ajax.php\",\"settings\":{\"layout\":{\"labelPlacement\":\"top\",\"helpMessagePlacement\":\"with_label\",\"errorMessagePlacement\":\"inline\",\"cssClassName\":\"\",\"asteriskPlacement\":\"asterisk-right\"},\"restrictions\":{\"denyEmptySubmission\":{\"enabled\":false}}},\"form_instance\":\"ff_form_instance_4_1\",\"form_id_selector\":\"fluentform_4\",\"rules\":{\"input_text\":{\"required\":{\"value\":true,\"message\":\"Este campo es obligatorio\",\"global\":true,\"global_message\":\"This field is required\"}},\"email\":{\"required\":{\"value\":true,\"message\":\"Este campo es obligatorio\",\"global\":true,\"global_message\":\"This field is required\"},\"email\":{\"value\":true,\"message\":\"This field must contain a valid email\",\"global\":false,\"global_message\":\"This field must contain a valid email\"}},\"input_text_3\":{\"required\":{\"value\":true,\"message\":\"Este campo es obligatorio\",\"global_message\":\"This field is required\",\"global\":true}},\"multi_select\":{\"required\":{\"value\":true,\"message\":\"This field is required\",\"global_message\":\"This field is required\",\"global\":false}},\"description_1\":{\"required\":{\"value\":false,\"message\":\"Este campo es obligatorio\",\"global_message\":\"This field is required\",\"global\":true}},\"input_radio_1\":{\"required\":{\"value\":true,\"message\":\"Este campo es obligatorio\",\"global_message\":\"This field is required\",\"global\":true}}},\"debounce_time\":300};\n                            <\/script>\n            <\/div>\n\t\t\t\t\t\t<\/div>\n\t\t\t\t<\/div>\n\t\t\t\t<\/div>\n\t\t\t\t<\/div>\n\t\t\t\t\t<\/div>\n\t\t\t\t<\/div>\n\t\t\t\t<\/div>","protected":false},"excerpt":{"rendered":"<p>We work with brands worldwide, no matter where you are, whether you need our services in English or Spanish, we&#8217;d love to hear from you.<\/p>","protected":false},"author":1,"featured_media":0,"parent":0,"menu_order":0,"comment_status":"closed","ping_status":"closed","template":"","meta":{"content-type":"","_uag_custom_page_level_css":"","footnotes":""},"class_list":["post-389","page","type-page","status-publish","hentry"],"yoast_head":"<!-- This site is optimized with the Yoast SEO plugin v27.4 - https:\/\/yoast.com\/product\/yoast-seo-wordpress\/ -->\n<title>Contact - Coral Design<\/title>\n<meta name=\"robots\" content=\"index, follow, max-snippet:-1, max-image-preview:large, max-video-preview:-1\" \/>\n<link rel=\"canonical\" href=\"https:\/\/coraldesign.co\/es\/contact\/\" \/>\n<meta property=\"og:locale\" content=\"es_ES\" \/>\n<meta property=\"og:type\" content=\"article\" \/>\n<meta property=\"og:title\" content=\"Contact - Coral Design\" \/>\n<meta property=\"og:description\" content=\"We work with brands worldwide, no matter where you are, whether you need our services in English or Spanish, we&#8217;d love to hear from you.\" \/>\n<meta property=\"og:url\" content=\"https:\/\/coraldesign.co\/es\/contact\/\" \/>\n<meta property=\"og:site_name\" content=\"Coral Design\" \/>\n<meta property=\"article:modified_time\" content=\"2026-02-11T18:21:41+00:00\" \/>\n<meta name=\"twitter:card\" content=\"summary_large_image\" \/>\n<meta name=\"twitter:label1\" content=\"Tiempo de lectura\" \/>\n\t<meta name=\"twitter:data1\" content=\"1 minuto\" \/>\n<script type=\"application\/ld+json\" class=\"yoast-schema-graph\">{\"@context\":\"https:\\\/\\\/schema.org\",\"@graph\":[{\"@type\":\"WebPage\",\"@id\":\"https:\\\/\\\/coraldesign.co\\\/contact\\\/\",\"url\":\"https:\\\/\\\/coraldesign.co\\\/contact\\\/\",\"name\":\"Contact - Coral Design\",\"isPartOf\":{\"@id\":\"https:\\\/\\\/coraldesign.co\\\/#website\"},\"datePublished\":\"2022-04-05T09:35:32+00:00\",\"dateModified\":\"2026-02-11T18:21:41+00:00\",\"breadcrumb\":{\"@id\":\"https:\\\/\\\/coraldesign.co\\\/contact\\\/#breadcrumb\"},\"inLanguage\":\"es\",\"potentialAction\":[{\"@type\":\"ReadAction\",\"target\":[\"https:\\\/\\\/coraldesign.co\\\/contact\\\/\"]}]},{\"@type\":\"BreadcrumbList\",\"@id\":\"https:\\\/\\\/coraldesign.co\\\/contact\\\/#breadcrumb\",\"itemListElement\":[{\"@type\":\"ListItem\",\"position\":1,\"name\":\"Home\",\"item\":\"https:\\\/\\\/coraldesign.co\\\/\"},{\"@type\":\"ListItem\",\"position\":2,\"name\":\"Contact\"}]},{\"@type\":\"WebSite\",\"@id\":\"https:\\\/\\\/coraldesign.co\\\/#website\",\"url\":\"https:\\\/\\\/coraldesign.co\\\/\",\"name\":\"Coral Design\",\"description\":\"\",\"publisher\":{\"@id\":\"https:\\\/\\\/coraldesign.co\\\/#organization\"},\"potentialAction\":[{\"@type\":\"SearchAction\",\"target\":{\"@type\":\"EntryPoint\",\"urlTemplate\":\"https:\\\/\\\/coraldesign.co\\\/?s={search_term_string}\"},\"query-input\":{\"@type\":\"PropertyValueSpecification\",\"valueRequired\":true,\"valueName\":\"search_term_string\"}}],\"inLanguage\":\"es\"},{\"@type\":\"Organization\",\"@id\":\"https:\\\/\\\/coraldesign.co\\\/#organization\",\"name\":\"Coral Design\",\"url\":\"https:\\\/\\\/coraldesign.co\\\/\",\"logo\":{\"@type\":\"ImageObject\",\"inLanguage\":\"es\",\"@id\":\"https:\\\/\\\/coraldesign.co\\\/#\\\/schema\\\/logo\\\/image\\\/\",\"url\":\"https:\\\/\\\/coraldesign.co\\\/wp-content\\\/uploads\\\/2024\\\/07\\\/Artboard-4-copy-3@2x-e1770506519102.png\",\"contentUrl\":\"https:\\\/\\\/coraldesign.co\\\/wp-content\\\/uploads\\\/2024\\\/07\\\/Artboard-4-copy-3@2x-e1770506519102.png\",\"width\":2400,\"height\":692,\"caption\":\"Coral Design\"},\"image\":{\"@id\":\"https:\\\/\\\/coraldesign.co\\\/#\\\/schema\\\/logo\\\/image\\\/\"},\"sameAs\":[\"https:\\\/\\\/www.instagram.com\\\/coraldesign_co\\\/\"]}]}<\/script>\n<!-- \/ Yoast SEO plugin. -->","yoast_head_json":{"title":"Contact - Coral Design","robots":{"index":"index","follow":"follow","max-snippet":"max-snippet:-1","max-image-preview":"max-image-preview:large","max-video-preview":"max-video-preview:-1"},"canonical":"https:\/\/coraldesign.co\/es\/contact\/","og_locale":"es_ES","og_type":"article","og_title":"Contact - Coral Design","og_description":"We work with brands worldwide, no matter where you are, whether you need our services in English or Spanish, we&#8217;d love to hear from you.","og_url":"https:\/\/coraldesign.co\/es\/contact\/","og_site_name":"Coral Design","article_modified_time":"2026-02-11T18:21:41+00:00","twitter_card":"summary_large_image","twitter_misc":{"Tiempo de lectura":"1 minuto"},"schema":{"@context":"https:\/\/schema.org","@graph":[{"@type":"WebPage","@id":"https:\/\/coraldesign.co\/contact\/","url":"https:\/\/coraldesign.co\/contact\/","name":"Contact - Coral Design","isPartOf":{"@id":"https:\/\/coraldesign.co\/#website"},"datePublished":"2022-04-05T09:35:32+00:00","dateModified":"2026-02-11T18:21:41+00:00","breadcrumb":{"@id":"https:\/\/coraldesign.co\/contact\/#breadcrumb"},"inLanguage":"es","potentialAction":[{"@type":"ReadAction","target":["https:\/\/coraldesign.co\/contact\/"]}]},{"@type":"BreadcrumbList","@id":"https:\/\/coraldesign.co\/contact\/#breadcrumb","itemListElement":[{"@type":"ListItem","position":1,"name":"Home","item":"https:\/\/coraldesign.co\/"},{"@type":"ListItem","position":2,"name":"Contact"}]},{"@type":"WebSite","@id":"https:\/\/coraldesign.co\/#website","url":"https:\/\/coraldesign.co\/","name":"Coral Design","description":"","publisher":{"@id":"https:\/\/coraldesign.co\/#organization"},"potentialAction":[{"@type":"SearchAction","target":{"@type":"EntryPoint","urlTemplate":"https:\/\/coraldesign.co\/?s={search_term_string}"},"query-input":{"@type":"PropertyValueSpecification","valueRequired":true,"valueName":"search_term_string"}}],"inLanguage":"es"},{"@type":"Organization","@id":"https:\/\/coraldesign.co\/#organization","name":"Coral Design","url":"https:\/\/coraldesign.co\/","logo":{"@type":"ImageObject","inLanguage":"es","@id":"https:\/\/coraldesign.co\/#\/schema\/logo\/image\/","url":"https:\/\/coraldesign.co\/wp-content\/uploads\/2024\/07\/Artboard-4-copy-3@2x-e1770506519102.png","contentUrl":"https:\/\/coraldesign.co\/wp-content\/uploads\/2024\/07\/Artboard-4-copy-3@2x-e1770506519102.png","width":2400,"height":692,"caption":"Coral Design"},"image":{"@id":"https:\/\/coraldesign.co\/#\/schema\/logo\/image\/"},"sameAs":["https:\/\/www.instagram.com\/coraldesign_co\/"]}]}},"uagb_featured_image_src":{"full":false,"thumbnail":false,"medium":false,"medium_large":false,"large":false,"1536x1536":false,"2048x2048":false,"trp-custom-language-flag":false,"_nx_notification_thumb_100_100":false,"_nx_notification_thumb_200_200":false,"_nx_notification_thumb_300_300":false,"_nx_notification_thumb_400_400":false,"_nx_notification_thumb_500_500":false},"uagb_author_info":{"display_name":"Dani","author_link":"https:\/\/coraldesign.co\/es\/author\/dani\/"},"uagb_comment_info":0,"uagb_excerpt":"We work with brands worldwide, no matter where you are, whether you need our services in English or Spanish, we&#8217;d love to hear from you.","_links":{"self":[{"href":"https:\/\/coraldesign.co\/es\/wp-json\/wp\/v2\/pages\/389","targetHints":{"allow":["GET"]}}],"collection":[{"href":"https:\/\/coraldesign.co\/es\/wp-json\/wp\/v2\/pages"}],"about":[{"href":"https:\/\/coraldesign.co\/es\/wp-json\/wp\/v2\/types\/page"}],"author":[{"embeddable":true,"href":"https:\/\/coraldesign.co\/es\/wp-json\/wp\/v2\/users\/1"}],"replies":[{"embeddable":true,"href":"https:\/\/coraldesign.co\/es\/wp-json\/wp\/v2\/comments?post=389"}],"version-history":[{"count":162,"href":"https:\/\/coraldesign.co\/es\/wp-json\/wp\/v2\/pages\/389\/revisions"}],"predecessor-version":[{"id":3675,"href":"https:\/\/coraldesign.co\/es\/wp-json\/wp\/v2\/pages\/389\/revisions\/3675"}],"wp:attachment":[{"href":"https:\/\/coraldesign.co\/es\/wp-json\/wp\/v2\/media?parent=389"}],"curies":[{"name":"wp","href":"https:\/\/api.w.org\/{rel}","templated":true}]}}